{"id":2898,"date":"2021-11-12T17:36:55","date_gmt":"2021-11-12T17:36:55","guid":{"rendered":"https:\/\/www.aseurope.eu\/?page_id=2898"},"modified":"2021-11-12T17:46:23","modified_gmt":"2021-11-12T17:46:23","slug":"werksstudent","status":"publish","type":"page","link":"https:\/\/www.aseurope.eu\/?page_id=2898","title":{"rendered":"Werksstudent"},"content":{"rendered":"<!-- wp:themify-builder\/canvas \/-->","protected":false},"excerpt":{"rendered":"","protected":false},"author":1,"featured_media":0,"parent":0,"menu_order":0,"comment_status":"closed","ping_status":"open","template":"","meta":[],"builder_content":"<h5>Werksstudent<\/h5> <p>Die ASE Aviation Services Europe GmbH mit Sitz in Oranienburg bei Berlin ist ein unabh\u00e4ngiger Engineering und CAMO Dienstleistungsbetrieb gegr\u00fcndet im Jahre 2008. Wir unterst\u00fctzen Flugzeug Eigent\u00fcmer, Fluggesellschaften, Lessors &amp; Lessees, sowie Luftfahrtbeh\u00f6rden mit unterschiedlichen Dienstleistungen f\u00fcr gro\u00dfe, kommerzielle und private Flugzeuge.<\/p> <p><strong>Zur Verst\u00e4rkung unseres Teams suchen wir zum n\u00e4chstm\u00f6glichen Zeitpunkt eine\/n<\/strong><strong>\u00a0Werkstudent*in [Fachbereich Luft- und Raumfahrt \/ Verkehrswesen o. Vergleichbar]<\/strong><\/p> <h5>Wir bieten:<\/h5> <ul> <li>bezahltes Praktikum in Vollzeit<\/li> <li>Studentenjob mit flexiblen Arbeitszeiten bis 20h\/Woche<\/li> <li>anschlie\u00dfende M\u00f6glichkeiten auf ein unbefristetes Vollzeit Anstellungsverh\u00e4ltnis<\/li> <\/ul> <h5>Ihre Aufgaben:<\/h5> <ul> <li>Unterst\u00fctzung bei der Erhaltung und \u00dcberwachung der Luftt\u00fcchtigkeit f\u00fcr Flugzeuge in der ASE CAMO<\/li> <li>Unterst\u00fctzung unseres Projektteams bei Flugzeug Lease Transition<\/li> <li>Unterst\u00fctzung bei der Erstellung von Instandhaltungsprogrammen<\/li> <li>Unterst\u00fctzung bei der Erstellung von AD-, Modifikations-, Komponenten und Instandhaltungstask Listen<\/li> <li>Unterst\u00fctzung bei der Erstellung von Handb\u00fcchern, Arbeitsanweisung, Trainingsunterlagen<\/li> <li>Unterst\u00fctzung unseres EASA Part-21J Entwicklungsbetriebes bei der Erstellung von Modifikationsunterlagen<\/li> <\/ul> <h5>Ihr Profil:<\/h5> <ul> <li>Student\/in der Luft- und Raumfahrttechnik (Bachelor \/ Master \/ Techniker) oder Vergleichbares<\/li> <li>Sehr gute Englisch- und Deutschkenntnisse in Wort und Schrift<\/li> <li>Kommunikations- und Teamf\u00e4higkeit, selbst\u00e4ndige und strukturierte Arbeitsweise sowie Flexibilit\u00e4t und Einsatzbereitschaft<\/li> <li>Erfahrungen in der Anwendung von MS Office-Standard-Software<\/li> <li>Qualit\u00e4tsbewusstsein<\/li> <\/ul> <p>Sollten wir Ihr Interesse geweckt haben und Sie zuverl\u00e4ssig und belastbar sein, bieten wir Ihnen eine abwechslungsreiche und verantwortungsvolle Aufgabe in unserem Team.<\/p> <p>Wir nehmen gerne Ihre Bewerbungsunterlagen im PDF Format unter <a href=\"mailto:personal@aseurope.eu\">personal@aseurope.eu<\/a> mit Angabe Ihrer Bruttojahresgehaltsvorstellung und Ihrer aktuellen K\u00fcndigungsfrist entgegen.<\/p>","_links":{"self":[{"href":"https:\/\/www.aseurope.eu\/index.php?rest_route=\/wp\/v2\/pages\/2898"}],"collection":[{"href":"https:\/\/www.aseurope.eu\/index.php?rest_route=\/wp\/v2\/pages"}],"about":[{"href":"https:\/\/www.aseurope.eu\/index.php?rest_route=\/wp\/v2\/types\/page"}],"author":[{"embeddable":true,"href":"https:\/\/www.aseurope.eu\/index.php?rest_route=\/wp\/v2\/users\/1"}],"replies":[{"embeddable":true,"href":"https:\/\/www.aseurope.eu\/index.php?rest_route=%2Fwp%2Fv2%2Fcomments&post=2898"}],"version-history":[{"count":4,"href":"https:\/\/www.aseurope.eu\/index.php?rest_route=\/wp\/v2\/pages\/2898\/revisions"}],"predecessor-version":[{"id":2908,"href":"https:\/\/www.aseurope.eu\/index.php?rest_route=\/wp\/v2\/pages\/2898\/revisions\/2908"}],"wp:attachment":[{"href":"https:\/\/www.aseurope.eu\/index.php?rest_route=%2Fwp%2Fv2%2Fmedia&parent=2898"}],"curies":[{"name":"wp","href":"https:\/\/api.w.org\/{rel}","templated":true}]}}