{"id":2896,"date":"2021-11-12T17:34:08","date_gmt":"2021-11-12T17:34:08","guid":{"rendered":"https:\/\/www.aseurope.eu\/?page_id=2896"},"modified":"2021-11-12T17:49:20","modified_gmt":"2021-11-12T17:49:20","slug":"system-engineer-2","status":"publish","type":"page","link":"https:\/\/www.aseurope.eu\/?page_id=2896","title":{"rendered":"System Engineer"},"content":{"rendered":"<!-- wp:themify-builder\/canvas \/-->","protected":false},"excerpt":{"rendered":"","protected":false},"author":1,"featured_media":0,"parent":0,"menu_order":0,"comment_status":"closed","ping_status":"open","template":"","meta":[],"builder_content":"<h5>System Engineer<\/h5> <p>Die ASE Aviation Services Europe GmbH mit Sitz in Oranienburg bei Berlin ist ein unabh\u00e4ngiger Engineering und CAMO Dienstleistungsbetrieb gegr\u00fcndet im Jahre 2008. Wir unterst\u00fctzen Flugzeug Eigent\u00fcmer, Fluggesellschaften, Lessors &amp; Lessees, sowie Luftfahrtbeh\u00f6rden mit unterschiedlichen Dienstleistungen f\u00fcr gro\u00dfe, kommerzielle und private Flugzeuge.<br \/><br \/><strong>Zur Verst\u00e4rkung unseres Teams suchen wir zum n\u00e4chstm\u00f6glichen Zeitpunkt eine\/n<\/strong><strong>\u00a0Systems Engineer:<\/strong><\/p> <h5>Ihre Aufgaben:<strong><br \/><\/strong><\/h5> <ul> <li>Unterst\u00fctzung f\u00fcr die Erhaltung und \u00dcberwachung der Luftt\u00fcchtigkeit f\u00fcr Flugzeuge in der ASE CAMO<\/li> <li>Unterst\u00fctzung unseres Projektteams bei Flugzeug Lease Transition<\/li> <li>Kontinuierliche \u00dcberpr\u00fcfung der Herstellerempfehlungen<\/li> <li>Erstellung und Einhaltung von Instandhaltungsprogrammen<\/li> <li>Erstellung und \u00dcberwachung von AD Status Listen<\/li> <li>Unterst\u00fctzung bei der Erstellung von Handb\u00fcchern, Arbeitsanweisungen, Trainingsunterlagen<\/li> <\/ul> <h5>Ihr Profil:<\/h5> <ul> <li>Einschl\u00e4gige Berufserfahrung in der Luftfahrt und im Betrieb eines Luftfahrtunternehmens<\/li> <li>Studium der Luft- und Raumfahrttechnik oder Ausbildung als staatlich gepr\u00fcfte\/r Techniker\/in oder Flugger\u00e4temechaniker\/in mit Part 66 CAT B Lizenz oder Vergleichbares<\/li> <li>Sehr gute Deutsch- und Englischkenntnisse in Wort und SchriftKommunikations- und Teamf\u00e4higkeit, selbst\u00e4ndige und strukturierte Arbeitsweise sowie Flexibilit\u00e4t und Einsatzbereitschaft<\/li> <li>Bereitschaft zur Eigeninitiative und Verantwortung.<\/li> <li>Erfahrungen in der Anwendung der MRO Software TRAX und MS Office-Standard-Software<\/li> <li>Qualit\u00e4tsbewusstsein<\/li> <li>Reisebereitschaft\u00a0<\/li> <\/ul> <p>Sollten wir Ihr Interesse geweckt haben und Sie zuverl\u00e4ssig und belastbar sein, bieten wir Ihnen eine abwechslungsreiche und verantwortungsvolle Aufgabe in unserem Team.<\/p> <p>Wir nehmen gerne Ihre Bewerbungsunterlagen im PDF Format unter <a href=\"mailto:personal@aseurope.eu\">personal@aseurope.eu<\/a> mit Angabe Ihrer Bruttojahresgehaltsvorstellung und Ihrer aktuellen K\u00fcndigungsfrist entgegen.<\/p>","_links":{"self":[{"href":"https:\/\/www.aseurope.eu\/index.php?rest_route=\/wp\/v2\/pages\/2896"}],"collection":[{"href":"https:\/\/www.aseurope.eu\/index.php?rest_route=\/wp\/v2\/pages"}],"about":[{"href":"https:\/\/www.aseurope.eu\/index.php?rest_route=\/wp\/v2\/types\/page"}],"author":[{"embeddable":true,"href":"https:\/\/www.aseurope.eu\/index.php?rest_route=\/wp\/v2\/users\/1"}],"replies":[{"embeddable":true,"href":"https:\/\/www.aseurope.eu\/index.php?rest_route=%2Fwp%2Fv2%2Fcomments&post=2896"}],"version-history":[{"count":7,"href":"https:\/\/www.aseurope.eu\/index.php?rest_route=\/wp\/v2\/pages\/2896\/revisions"}],"predecessor-version":[{"id":2913,"href":"https:\/\/www.aseurope.eu\/index.php?rest_route=\/wp\/v2\/pages\/2896\/revisions\/2913"}],"wp:attachment":[{"href":"https:\/\/www.aseurope.eu\/index.php?rest_route=%2Fwp%2Fv2%2Fmedia&parent=2896"}],"curies":[{"name":"wp","href":"https:\/\/api.w.org\/{rel}","templated":true}]}}